{"id":456,"date":"2025-08-27T16:31:17","date_gmt":"2025-08-27T16:31:17","guid":{"rendered":"http:\/\/cabanasmandala.cl\/?page_id=456"},"modified":"2025-08-27T16:31:17","modified_gmt":"2025-08-27T16:31:17","slug":"galeria-de-imagenes-tepual","status":"publish","type":"page","link":"http:\/\/cabanasmandala.cl\/en\/galeria-de-imagenes-tepual\/","title":{"rendered":"(Espa\u00f1ol) Galer\u00eda de Im\u00e1genes Tepual"},"content":{"rendered":"<p class=\"qtranxs-available-languages-message qtranxs-available-languages-message-en\">Sorry, this entry is only available in <a href=\"http:\/\/cabanasmandala.cl\/es\/wp-json\/wp\/v2\/pages\/456\" class=\"qtranxs-available-language-link qtranxs-available-language-link-es\" title=\"Espa\u00f1ol\">European Spanish<\/a>.<\/p>","protected":false},"excerpt":{"rendered":"","protected":false},"author":1,"featured_media":0,"parent":0,"menu_order":0,"comment_status":"closed","ping_status":"closed","template":"","meta":[],"_links":{"self":[{"href":"http:\/\/cabanasmandala.cl\/en\/wp-json\/wp\/v2\/pages\/456"}],"collection":[{"href":"http:\/\/cabanasmandala.cl\/en\/wp-json\/wp\/v2\/pages"}],"about":[{"href":"http:\/\/cabanasmandala.cl\/en\/wp-json\/wp\/v2\/types\/page"}],"author":[{"embeddable":true,"href":"http:\/\/cabanasmandala.cl\/en\/wp-json\/wp\/v2\/users\/1"}],"replies":[{"embeddable":true,"href":"http:\/\/cabanasmandala.cl\/en\/wp-json\/wp\/v2\/comments?post=456"}],"version-history":[{"count":1,"href":"http:\/\/cabanasmandala.cl\/en\/wp-json\/wp\/v2\/pages\/456\/revisions"}],"predecessor-version":[{"id":469,"href":"http:\/\/cabanasmandala.cl\/en\/wp-json\/wp\/v2\/pages\/456\/revisions\/469"}],"wp:attachment":[{"href":"http:\/\/cabanasmandala.cl\/en\/wp-json\/wp\/v2\/media?parent=456"}],"curies":[{"name":"wp","href":"https:\/\/api.w.org\/{rel}","templated":true}]}}